{"id":153,"date":"2018-03-23T21:37:40","date_gmt":"2018-03-23T21:37:40","guid":{"rendered":"http:\/\/birrwiler-maert.ch\/?page_id=153"},"modified":"2025-12-07T22:47:48","modified_gmt":"2025-12-07T22:47:48","slug":"startseite","status":"publish","type":"page","link":"https:\/\/birrwiler-maert.ch\/","title":{"rendered":"Daten"},"content":{"rendered":"\n<p><strong>2026<\/strong><\/p>\n\n\n\n<p><strong>Im 2026 findet der M\u00e4rt einmal monatlich an einem Samstag von 9:30- 13:30 statt<\/strong>. Wir sind zu wenig Leute im Team und k\u00f6nnen vorl\u00e4ufig nur noch monatlich einen M\u00e4rt durchf\u00fchren.<\/p>\n\n\n\n<ul class=\"wp-block-list\">\n<li><strong>25. April<\/strong><\/li>\n\n\n\n<li><strong>30. Mai<\/strong><\/li>\n\n\n\n<li><strong>27. Juni<\/strong><br>&#8211; Sommerferien-<\/li>\n\n\n\n<li><strong>22. August<\/strong><\/li>\n\n\n\n<li><strong>19. September<\/strong> (<strong>Aargauer Familientag + Erz\u00e4hltal<\/strong>)<br><\/li>\n\n\n\n<li><strong><strong>H\u00e4rd\u00f6pfelm\u00e4r<\/strong>t: 21. November<\/strong> (<strong>11.00-15.00)<\/strong><\/li>\n<\/ul>\n\n\n\n<p><br><strong>2025<\/strong><\/p>\n\n\n\n<ul class=\"wp-block-list\">\n<li><strong>26. April<\/strong><br>Velo Putz- und Flickaktion&nbsp;am&nbsp;Birrwiler&nbsp;M\u00e4rt<br><em>Mach dein Velo fahrparad&nbsp;unter kundiger Anleitung von Mark Schwyter von \u201eparad&#8220; der Beinwiler&nbsp;Velowerkstatt&nbsp;(<a href=\"http:\/\/www.parad.ch\">www.parad.ch<\/a>).<\/em><br><mark style=\"background-color:rgba(0, 0, 0, 0)\" class=\"has-inline-color has-vivid-cyan-blue-color\">Mittagessen: Ukrainisch<\/mark><br><br><\/li>\n\n\n\n<li><strong>10. Mai<\/strong><br>75. M\u00e4rt in Birrwil<br>Musikalische unterhaltung mit Alexander und Laurenz Pirchel<br>Setzlingsm\u00e4rt<br><mark style=\"background-color:rgba(0, 0, 0, 0)\" class=\"has-inline-color has-vivid-cyan-blue-color\">Mittagessen: Wittlin-Felder Franziska<\/mark><\/li>\n<\/ul>\n\n\n\n<ul class=\"wp-block-list\">\n<li><strong>24. Mai<\/strong><br>Jacqueline und Zbyni machen Musik<br><a href=\"https:\/\/birrwiler-maert.ch\/?page_id=1941\" data-type=\"page\" data-id=\"1941\">Flohm\u00e4rt und Kleidertausch<\/a><br><mark style=\"background-color:rgba(0, 0, 0, 0)\" class=\"has-inline-color has-vivid-cyan-blue-color\">Mittagessen: Bratw\u00fcrste von Bilndenbacher Hans<\/mark><br><br><\/li>\n\n\n\n<li><strong>07. Juni<\/strong><br><\/li>\n\n\n\n<li>Fredy Pi. macht Musik <a href=\"https:\/\/www.fredypi.ch\">https:\/\/www.fredypi.ch<\/a><br><mark style=\"background-color:rgba(0, 0, 0, 0)\" class=\"has-inline-color has-vivid-cyan-blue-color\">Mittagessen: Dietiker Heiner<\/mark> <mark style=\"background-color:rgba(0, 0, 0, 0)\" class=\"has-inline-color has-vivid-cyan-blue-color\">Chili con Carne<\/mark><\/li>\n<\/ul>\n\n\n\n<ul class=\"wp-block-list\">\n<li><strong>21. Juni<\/strong><br><mark style=\"background-color:rgba(0, 0, 0, 0)\" class=\"has-inline-color has-vivid-cyan-blue-color\">Mittagessen: Ch\u00e4s Chalet Markus de Ma GmbH: <\/mark><br><mark style=\"background-color:rgba(0, 0, 0, 0)\" class=\"has-inline-color has-vivid-cyan-blue-color\">Raclette und Ch\u00e4sch\u00fcechli<\/mark><\/li>\n<\/ul>\n\n\n\n<p><mark style=\"background-color:#fcb900\" class=\"has-inline-color has-black-color\">Sommerferien<\/mark><\/p>\n\n\n\n<ul class=\"wp-block-list\">\n<li><strong>16. August<\/strong><br>B\u00fcchertausch<br><mark style=\"background-color:rgba(0, 0, 0, 0)\" class=\"has-inline-color has-vivid-cyan-blue-color\">Mittagessen: Angela St\u00f6rl und Armin Frensdorff von Genuine-Nature:<\/mark><br><mark style=\"background-color:rgba(0, 0, 0, 0)\" class=\"has-inline-color has-vivid-cyan-blue-color\">Spaghetti-Plausch<\/mark><\/li>\n<\/ul>\n\n\n\n<ul class=\"wp-block-list\">\n<li><strong>30. August<\/strong><br>Berbuer Chor singt<br><mark style=\"background-color:rgba(0, 0, 0, 0)\" class=\"has-inline-color has-vivid-cyan-blue-color\">Mittagessen: Berbuer Chor<\/mark><br><br><\/li>\n\n\n\n<li><strong>13. September<\/strong><br><a href=\"https:\/\/birrwiler-maert.ch\/?page_id=1941\" data-type=\"page\" data-id=\"1941\">Flohm\u00e4rt und Kleidertausch<\/a><br>Musikalische unterhaltung mit Flow<br><mark style=\"background-color:rgba(0, 0, 0, 0)\" class=\"has-inline-color has-vivid-cyan-blue-color\">Mittagessen: Linde Leutwil: Ghackts und H\u00f6rndli<\/mark><\/li>\n<\/ul>\n\n\n\n<ul class=\"wp-block-list\">\n<li><strong>27. September<\/strong><br>Jacqueline und Zbyni machen Musik<br><mark style=\"background-color:rgba(0, 0, 0, 0)\" class=\"has-inline-color has-vivid-cyan-blue-color\">Mittagessen: Debby\u2018s Apero Traum<\/mark><\/li>\n<\/ul>\n\n\n\n<ul class=\"wp-block-list\">\n<li><strong>15. November (11:00- 15:00)<\/strong><br>H\u00e4rd\u00f6pfelm\u00e4rt<br><mark style=\"background-color:rgba(0, 0, 0, 0)\" class=\"has-inline-color has-vivid-cyan-blue-color\">Mittagessen: R\u00f6sti vom Countryclub<\/mark><\/li>\n<\/ul>\n","protected":false},"excerpt":{"rendered":"<p>2026 Im 2026 findet der M\u00e4rt einmal monatlich an einem Samstag von 9:30- 13:30 statt. Wir sind zu wenig Leute im Team und k\u00f6nnen vorl\u00e4ufig nur noch monatlich einen M\u00e4rt durchf\u00fchren. 2025 Sommerferien<\/p>\n","protected":false},"author":2,"featured_media":1009,"parent":0,"menu_order":0,"comment_status":"closed","ping_status":"closed","template":"","meta":{"footnotes":""},"class_list":["post-153","page","type-page","status-publish","has-post-thumbnail","hentry"],"_links":{"self":[{"href":"https:\/\/birrwiler-maert.ch\/index.php?rest_route=\/wp\/v2\/pages\/153","targetHints":{"allow":["GET"]}}],"collection":[{"href":"https:\/\/birrwiler-maert.ch\/index.php?rest_route=\/wp\/v2\/pages"}],"about":[{"href":"https:\/\/birrwiler-maert.ch\/index.php?rest_route=\/wp\/v2\/types\/page"}],"author":[{"embeddable":true,"href":"https:\/\/birrwiler-maert.ch\/index.php?rest_route=\/wp\/v2\/users\/2"}],"replies":[{"embeddable":true,"href":"https:\/\/birrwiler-maert.ch\/index.php?rest_route=%2Fwp%2Fv2%2Fcomments&post=153"}],"version-history":[{"count":88,"href":"https:\/\/birrwiler-maert.ch\/index.php?rest_route=\/wp\/v2\/pages\/153\/revisions"}],"predecessor-version":[{"id":2041,"href":"https:\/\/birrwiler-maert.ch\/index.php?rest_route=\/wp\/v2\/pages\/153\/revisions\/2041"}],"wp:featuredmedia":[{"embeddable":true,"href":"https:\/\/birrwiler-maert.ch\/index.php?rest_route=\/wp\/v2\/media\/1009"}],"wp:attachment":[{"href":"https:\/\/birrwiler-maert.ch\/index.php?rest_route=%2Fwp%2Fv2%2Fmedia&parent=153"}],"curies":[{"name":"wp","href":"https:\/\/api.w.org\/{rel}","templated":true}]}}