{"id":155,"date":"2018-03-23T21:37:40","date_gmt":"2018-03-23T21:37:40","guid":{"rendered":"http:\/\/birrwiler-maert.ch\/?page_id=155"},"modified":"2026-04-01T15:57:19","modified_gmt":"2026-04-01T15:57:19","slug":"kontakt","status":"publish","type":"page","link":"https:\/\/birrwiler-maert.ch\/?page_id=155","title":{"rendered":"Kontakt"},"content":{"rendered":"<p><strong>Verein M\u00e4rtgruppe Birrwil<\/strong><\/p>\n<p>F\u00fcr Verk\u00e4ufer Simone Bucher<br \/>\nF\u00fcr Mittagessen und Unterhaltung Fabian Birrer<\/p>\n<p>-&gt;\u00a0 <a href=\"mailto:maertgruppe.birrwil@gmail.com\">maertgruppe.birrwil@gmail.com<\/a><\/p>\n<div>Unterst\u00fctzen Sie den Verein M\u00e4rtgruppe als G\u00f6nner:<\/div>\n<div><\/div>\n<div>\n<p>IBAN CH51 0830 7000 2896 3630 2<\/p>\n<div>M\u00e4rtgruppe Birrwil<\/div>\n<div>5708 Birrwil<\/div>\n<\/div>\n<div><\/div>\n<div>Konto-Nummer: 289.636.302<\/div>\n<div>Hypothekarbank Lenzburg<\/div>\n<div>5452 Oberrohrdorf<\/div>\n<div>Postkonto-Nr. 50-69-8<\/div>\n<div><\/div>\n<div><\/div>\n<div><strong>Hinweise zum Datenschutz:<\/strong><\/div>\n<div>Hier finden Sie unsere <a href=\"https:\/\/birrwiler-maert.ch\/?page_id=1865\">Datenschutzerkl\u00e4rung<\/a>.<\/div>\n","protected":false},"excerpt":{"rendered":"<p>Verein M\u00e4rtgruppe Birrwil F\u00fcr Verk\u00e4ufer Simone Bucher F\u00fcr Mittagessen und Unterhaltung Fabian Birrer -&gt;\u00a0 maertgruppe.birrwil@gmail.com Unterst\u00fctzen Sie den Verein M\u00e4rtgruppe als G\u00f6nner: IBAN CH51 0830 7000 2896 3630 2 M\u00e4rtgruppe Birrwil 5708 Birrwil Konto-Nummer: 289.636.302 Hypothekarbank Lenzburg 5452 Oberrohrdorf Postkonto-Nr. 50-69-8 Hinweise zum Datenschutz: Hier finden Sie unsere Datenschutzerkl\u00e4rung.<\/p>\n","protected":false},"author":2,"featured_media":315,"parent":0,"menu_order":0,"comment_status":"closed","ping_status":"closed","template":"","meta":{"footnotes":""},"class_list":["post-155","page","type-page","status-publish","has-post-thumbnail","hentry"],"_links":{"self":[{"href":"https:\/\/birrwiler-maert.ch\/index.php?rest_route=\/wp\/v2\/pages\/155","targetHints":{"allow":["GET"]}}],"collection":[{"href":"https:\/\/birrwiler-maert.ch\/index.php?rest_route=\/wp\/v2\/pages"}],"about":[{"href":"https:\/\/birrwiler-maert.ch\/index.php?rest_route=\/wp\/v2\/types\/page"}],"author":[{"embeddable":true,"href":"https:\/\/birrwiler-maert.ch\/index.php?rest_route=\/wp\/v2\/users\/2"}],"replies":[{"embeddable":true,"href":"https:\/\/birrwiler-maert.ch\/index.php?rest_route=%2Fwp%2Fv2%2Fcomments&post=155"}],"version-history":[{"count":9,"href":"https:\/\/birrwiler-maert.ch\/index.php?rest_route=\/wp\/v2\/pages\/155\/revisions"}],"predecessor-version":[{"id":2047,"href":"https:\/\/birrwiler-maert.ch\/index.php?rest_route=\/wp\/v2\/pages\/155\/revisions\/2047"}],"wp:featuredmedia":[{"embeddable":true,"href":"https:\/\/birrwiler-maert.ch\/index.php?rest_route=\/wp\/v2\/media\/315"}],"wp:attachment":[{"href":"https:\/\/birrwiler-maert.ch\/index.php?rest_route=%2Fwp%2Fv2%2Fmedia&parent=155"}],"curies":[{"name":"wp","href":"https:\/\/api.w.org\/{rel}","templated":true}]}}