{"id":187,"date":"2018-04-26T01:47:30","date_gmt":"2018-04-26T01:47:30","guid":{"rendered":"http:\/\/birrwiler-maert.ch\/?page_id=187"},"modified":"2024-06-03T18:49:52","modified_gmt":"2024-06-03T18:49:52","slug":"angebot","status":"publish","type":"page","link":"https:\/\/birrwiler-maert.ch\/?page_id=187","title":{"rendered":"F\u00fcr Verk\u00e4ufer"},"content":{"rendered":"<div>&nbsp;<\/div>\n<div><strong data-rich-text-format-boundary=\"true\">Selber anbieten<\/strong><\/div>\n\n\n<p>Sie haben ein produktives Hobby und schon die ganze Verwandtschaft mit Ihren Kunstwerken eingedeckt?<\/p>\n\n\n\n<p>Ihre Back- oder Kochk\u00fcnste sind weit bekannt nur m\u00fcssen Ihre Bekannten etwas auf die Linie achten?<\/p>\n\n\n\n<p>Verkaufen Sie Ihre Produkte am M\u00e4rt<\/p>\n\n\n\n<p>-&gt; Stand anmelden bis Mittwoch abends<br>bei Barbara H\u00e4rri, 079 569 52 36<br>oder <a href=\"mailto:maertgruppe.birrwil@gmail.com\">maertgruppe.birrwil@gmail.com<\/a><\/p>\n\n\n\n<p>&#8211; eigener Stand mitbringen: gratis<br>&#8211; Stand von der M\u00e4rtgruppe: Standmiete 10.-<\/p>\n\n\n\n<div data-wp-interactive=\"core\/file\" class=\"wp-block-file\"><object data-wp-bind--hidden=\"!state.hasPdfPreview\" hidden class=\"wp-block-file__embed\" data=\"https:\/\/birrwiler-maert.ch\/wp-content\/uploads\/2023\/05\/Informationen-fuer-Verkaeufer-1.pdf\" type=\"application\/pdf\" style=\"width:100%;height:200px\" aria-label=\"Einbettung von Informationen-fuer-Verkaeufer-1.\"><\/object><a id=\"wp-block-file--media-53c5bf56-6880-4669-b41e-b25a73030b53\" href=\"https:\/\/birrwiler-maert.ch\/wp-content\/uploads\/2023\/05\/Informationen-fuer-Verkaeufer-1.pdf\">Informationen-fuer-Verkaeufer-1<\/a><a href=\"https:\/\/birrwiler-maert.ch\/wp-content\/uploads\/2023\/05\/Informationen-fuer-Verkaeufer-1.pdf\" class=\"wp-block-file__button wp-element-button\" download aria-describedby=\"wp-block-file--media-53c5bf56-6880-4669-b41e-b25a73030b53\">Herunterladen<\/a><\/div>\n\n\n\n<div class=\"wp-block-file\"><a id=\"wp-block-file--media-100c8993-460d-4d8f-b806-c3a3d353639e\" href=\"http:\/\/birrwiler-maert.ch\/wp-content\/uploads\/2021\/05\/Merkblatt-Lebensmittel-im-Freien-verkaufen.pdf\">Merkblatt-Lebensmittel-im-Freien-verkaufen<\/a><a href=\"http:\/\/birrwiler-maert.ch\/wp-content\/uploads\/2021\/05\/Merkblatt-Lebensmittel-im-Freien-verkaufen.pdf\" class=\"wp-block-file__button wp-element-button\" download aria-describedby=\"wp-block-file--media-100c8993-460d-4d8f-b806-c3a3d353639e\">Herunterladen<\/a><\/div>\n\n\n\n<div class=\"wp-block-file\"><a id=\"wp-block-file--media-8a474e67-b7c4-43dc-aa08-eead1297c59c\" href=\"http:\/\/birrwiler-maert.ch\/wp-content\/uploads\/2021\/05\/Merkblatt_01_Kennzeichnung_eines_vorverpackten_Lebensmittels_1.pdf\">Merkblatt_01_Kennzeichnung_eines_vorverpackten_Lebensmittels_1<\/a><a href=\"http:\/\/birrwiler-maert.ch\/wp-content\/uploads\/2021\/05\/Merkblatt_01_Kennzeichnung_eines_vorverpackten_Lebensmittels_1.pdf\" class=\"wp-block-file__button wp-element-button\" download aria-describedby=\"wp-block-file--media-8a474e67-b7c4-43dc-aa08-eead1297c59c\">Herunterladen<\/a><\/div>\n\n\n\n<p><strong>In Kommission verkaufen lassen<\/strong><\/p>\n\n\n\n<p>Sie produzieren\/ verkaufen etwas Regionales. Haben am Samstag aber andere Verpflichtungen und k\u00f6nnen nicht selbst am M\u00e4rt sein.<br>Kontaktieren Sie uns.<br>Eventuell k\u00f6nnen wir es f\u00fcr Sie an unserem Vereinsstand anbieten.<\/p>\n\n\n\n<p><\/p>\n\n\n\n<p class=\"has-medium-font-size\" id=\"flohmarkt\">Flohm\u00e4rt<\/p>\n\n\n\n<p>Zwei Mal im Jahr \u00f6ffnen wir die Wiese f\u00fcr alle zum Verkauf.<br>Man kann ohne Voranmeldung mit einem eigene Tisch, Decke etc. zum Dorfplatz kommen und selbst\u00e4ndig zum Verkauf anbieten.<\/p>\n\n\n\n<p>An den anderen M\u00e4rttagen sind keine Flohm\u00e4rtstst\u00e4nde erlaubt.<br>Es stehen keine M\u00e4rtst\u00e4nde f\u00fcr den Flohm\u00e4rt zur Verf\u00fcgung.<\/p>\n\n\n\n<p class=\"has-medium-font-size\">Kleidertausch<\/p>\n\n\n\n<p>Zweimal im Jahr bieten wir den Kleidertausch an.<br>Alle d\u00fcrfen bringen und holen oder nur bringen  oder holen.<\/p>\n\n\n\n<p>Was bei M\u00e4rtende noch da ist wird entweder eingelagert f\u00fcr den n\u00e4chsten Kleidertausch oder weitergeben.<\/p>\n","protected":false},"excerpt":{"rendered":"<p>&nbsp; Selber anbieten Sie haben ein produktives Hobby und schon die ganze Verwandtschaft mit Ihren Kunstwerken eingedeckt? Ihre Back- oder Kochk\u00fcnste sind weit bekannt nur m\u00fcssen Ihre Bekannten etwas auf die Linie achten? Verkaufen Sie Ihre Produkte am M\u00e4rt -&gt; Stand anmelden bis Mittwoch abendsbei Barbara H\u00e4rri, 079 569 52 36oder maertgruppe.birrwil@gmail.com &#8211; eigener Stand &hellip; <\/p>\n<p class=\"link-more\"><a href=\"https:\/\/birrwiler-maert.ch\/?page_id=187\" class=\"more-link\"><span class=\"screen-reader-text\">\u201eF\u00fcr Verk\u00e4ufer\u201c<\/span> weiterlesen<\/a><\/p>\n","protected":false},"author":2,"featured_media":0,"parent":0,"menu_order":0,"comment_status":"closed","ping_status":"closed","template":"","meta":{"footnotes":""},"class_list":["post-187","page","type-page","status-publish","hentry"],"_links":{"self":[{"href":"https:\/\/birrwiler-maert.ch\/index.php?rest_route=\/wp\/v2\/pages\/187","targetHints":{"allow":["GET"]}}],"collection":[{"href":"https:\/\/birrwiler-maert.ch\/index.php?rest_route=\/wp\/v2\/pages"}],"about":[{"href":"https:\/\/birrwiler-maert.ch\/index.php?rest_route=\/wp\/v2\/types\/page"}],"author":[{"embeddable":true,"href":"https:\/\/birrwiler-maert.ch\/index.php?rest_route=\/wp\/v2\/users\/2"}],"replies":[{"embeddable":true,"href":"https:\/\/birrwiler-maert.ch\/index.php?rest_route=%2Fwp%2Fv2%2Fcomments&post=187"}],"version-history":[{"count":35,"href":"https:\/\/birrwiler-maert.ch\/index.php?rest_route=\/wp\/v2\/pages\/187\/revisions"}],"predecessor-version":[{"id":1951,"href":"https:\/\/birrwiler-maert.ch\/index.php?rest_route=\/wp\/v2\/pages\/187\/revisions\/1951"}],"wp:attachment":[{"href":"https:\/\/birrwiler-maert.ch\/index.php?rest_route=%2Fwp%2Fv2%2Fmedia&parent=187"}],"curies":[{"name":"wp","href":"https:\/\/api.w.org\/{rel}","templated":true}]}}