{"id":1941,"date":"2024-05-27T16:24:07","date_gmt":"2024-05-27T16:24:07","guid":{"rendered":"https:\/\/birrwiler-maert.ch\/?page_id=1941"},"modified":"2024-06-03T18:47:09","modified_gmt":"2024-06-03T18:47:09","slug":"mitmachen-2","status":"publish","type":"page","link":"https:\/\/birrwiler-maert.ch\/?page_id=1941","title":{"rendered":"Flohm\u00e4rt und Kleidertausch"},"content":{"rendered":"\n<p class=\"has-medium-font-size\">Flohm\u00e4rt<\/p>\n\n\n\n<p>Zwei Mal im Jahr \u00f6ffnen wir die Wiese f\u00fcr alle zum Verkauf.<br>Man kann ohne Voranmeldung mit einem eigene Tisch, Decke etc. zum Dorfplatz kommen und selbst\u00e4ndig zum Verkauf anbieten.<\/p>\n\n\n\n<p>An den anderen M\u00e4rttagen sind keine Flohm\u00e4rtstst\u00e4nde erlaubt.<br>Es stehen keine M\u00e4rtst\u00e4nde f\u00fcr den Flohm\u00e4rt zur Verf\u00fcgung.<\/p>\n\n\n\n<p class=\"has-medium-font-size\">Kleidertausch<\/p>\n\n\n\n<p>Zweimal im Jahr bieten wir den Kleidertausch an.<br>Alle d\u00fcrfen bringen und holen oder nur bringen  oder holen.<\/p>\n\n\n\n<p>Was bei M\u00e4rtende noch da ist wird entweder eingelagert f\u00fcr den n\u00e4chsten Kleidertausch oder weitergeben.<\/p>\n","protected":false},"excerpt":{"rendered":"<p>Flohm\u00e4rt Zwei Mal im Jahr \u00f6ffnen wir die Wiese f\u00fcr alle zum Verkauf.Man kann ohne Voranmeldung mit einem eigene Tisch, Decke etc. zum Dorfplatz kommen und selbst\u00e4ndig zum Verkauf anbieten. An den anderen M\u00e4rttagen sind keine Flohm\u00e4rtstst\u00e4nde erlaubt.Es stehen keine M\u00e4rtst\u00e4nde f\u00fcr den Flohm\u00e4rt zur Verf\u00fcgung. Kleidertausch Zweimal im Jahr bieten wir den Kleidertausch an.Alle &hellip; <\/p>\n<p class=\"link-more\"><a href=\"https:\/\/birrwiler-maert.ch\/?page_id=1941\" class=\"more-link\"><span class=\"screen-reader-text\">\u201eFlohm\u00e4rt und Kleidertausch\u201c<\/span> weiterlesen<\/a><\/p>\n","protected":false},"author":4,"featured_media":1944,"parent":0,"menu_order":0,"comment_status":"closed","ping_status":"closed","template":"","meta":{"footnotes":""},"class_list":["post-1941","page","type-page","status-publish","has-post-thumbnail","hentry"],"_links":{"self":[{"href":"https:\/\/birrwiler-maert.ch\/index.php?rest_route=\/wp\/v2\/pages\/1941","targetHints":{"allow":["GET"]}}],"collection":[{"href":"https:\/\/birrwiler-maert.ch\/index.php?rest_route=\/wp\/v2\/pages"}],"about":[{"href":"https:\/\/birrwiler-maert.ch\/index.php?rest_route=\/wp\/v2\/types\/page"}],"author":[{"embeddable":true,"href":"https:\/\/birrwiler-maert.ch\/index.php?rest_route=\/wp\/v2\/users\/4"}],"replies":[{"embeddable":true,"href":"https:\/\/birrwiler-maert.ch\/index.php?rest_route=%2Fwp%2Fv2%2Fcomments&post=1941"}],"version-history":[{"count":3,"href":"https:\/\/birrwiler-maert.ch\/index.php?rest_route=\/wp\/v2\/pages\/1941\/revisions"}],"predecessor-version":[{"id":1949,"href":"https:\/\/birrwiler-maert.ch\/index.php?rest_route=\/wp\/v2\/pages\/1941\/revisions\/1949"}],"wp:featuredmedia":[{"embeddable":true,"href":"https:\/\/birrwiler-maert.ch\/index.php?rest_route=\/wp\/v2\/media\/1944"}],"wp:attachment":[{"href":"https:\/\/birrwiler-maert.ch\/index.php?rest_route=%2Fwp%2Fv2%2Fmedia&parent=1941"}],"curies":[{"name":"wp","href":"https:\/\/api.w.org\/{rel}","templated":true}]}}