{"id":221,"date":"2018-05-24T19:10:24","date_gmt":"2018-05-24T19:10:24","guid":{"rendered":"http:\/\/birrwiler-maert.ch\/?page_id=221"},"modified":"2021-05-16T18:53:55","modified_gmt":"2021-05-16T18:53:55","slug":"mitmachen","status":"publish","type":"page","link":"https:\/\/birrwiler-maert.ch\/?page_id=221","title":{"rendered":"Mitmachen"},"content":{"rendered":"<p><strong style=\"font-size: inherit;\">Vereinsmitglied M\u00e4rtgruppe Birrwil<\/strong><\/p>\n<p>Sie entscheiden ob etwas passiver mit Unterst\u00fctzung durch den Jahresbeitrag und Besuch am M\u00e4rt oder aktiver mit gelegentlichem Mithelfen am Freitagabend\/ Samstagmorgen beim Aufstellen, Kuchenbacken oder Hilfe an den Vereinsst\u00e4nden.<\/p>\n<p>Werfen Sie den ausgef\u00fcllten Talon mit dem Jahresbeitrag von 5.- in die Box am Stand der M\u00e4rtgruppe oder lassen Sie Ihn der Pr\u00e4sidenten Barbara H\u00e4rri, Wilifeld 49, 5708 Birrwil zukommen.<\/p>\n<p>Wir freuen uns Sie als Mitglied begr\u00fcssen zu d\u00fcrfen.<\/p>\n<p>&#8212;&#8212;&#8212;&#8212;&#8212;&#8212;&#8212;&#8212;&#8212;&#8212;&#8212;&#8212;&#8212;&#8212;&#8212;&#8212;&#8212;&#8212;&#8212;&#8212;&#8212;&#8212;&#8212;&#8212;&#8212;&#8212;&#8212;&#8212;&#8212;&#8212;&#8212;&#8212;&#8212;&#8212;&#8212;&#8212;&#8211;<\/p>\n<p>O Mitglied\u00a0 \u00a0 \u00a0 \u00a0 \u00a0 \u00a0 \u00a0 0 Helfer Aufstellen\u00a0 \u00a0 \u00a0 \u00a0 \u00a0 \u00a0 \u00a0O Helfer Vereinsst\u00e4nde\u00a0 \u00a0 \u00a0 \u00a0 \u00a0 \u00a0 \u00a0 O Kuchenbacken<\/p>\n<p>Name: _____________________________________________________<\/p>\n<p>Adresse: ___________________________________________________<\/p>\n<p>E-Mail: _________________________________ Natelnummer: ______________________<\/p>\n","protected":false},"excerpt":{"rendered":"<p>Vereinsmitglied M\u00e4rtgruppe Birrwil Sie entscheiden ob etwas passiver mit Unterst\u00fctzung durch den Jahresbeitrag und Besuch am M\u00e4rt oder aktiver mit gelegentlichem Mithelfen am Freitagabend\/ Samstagmorgen beim Aufstellen, Kuchenbacken oder Hilfe an den Vereinsst\u00e4nden. Werfen Sie den ausgef\u00fcllten Talon mit dem Jahresbeitrag von 5.- in die Box am Stand der M\u00e4rtgruppe oder lassen Sie Ihn der &hellip; <\/p>\n<p class=\"link-more\"><a href=\"https:\/\/birrwiler-maert.ch\/?page_id=221\" class=\"more-link\"><span class=\"screen-reader-text\">\u201eMitmachen\u201c<\/span> weiterlesen<\/a><\/p>\n","protected":false},"author":2,"featured_media":691,"parent":0,"menu_order":0,"comment_status":"closed","ping_status":"closed","template":"","meta":{"footnotes":""},"class_list":["post-221","page","type-page","status-publish","has-post-thumbnail","hentry"],"_links":{"self":[{"href":"https:\/\/birrwiler-maert.ch\/index.php?rest_route=\/wp\/v2\/pages\/221","targetHints":{"allow":["GET"]}}],"collection":[{"href":"https:\/\/birrwiler-maert.ch\/index.php?rest_route=\/wp\/v2\/pages"}],"about":[{"href":"https:\/\/birrwiler-maert.ch\/index.php?rest_route=\/wp\/v2\/types\/page"}],"author":[{"embeddable":true,"href":"https:\/\/birrwiler-maert.ch\/index.php?rest_route=\/wp\/v2\/users\/2"}],"replies":[{"embeddable":true,"href":"https:\/\/birrwiler-maert.ch\/index.php?rest_route=%2Fwp%2Fv2%2Fcomments&post=221"}],"version-history":[{"count":6,"href":"https:\/\/birrwiler-maert.ch\/index.php?rest_route=\/wp\/v2\/pages\/221\/revisions"}],"predecessor-version":[{"id":1099,"href":"https:\/\/birrwiler-maert.ch\/index.php?rest_route=\/wp\/v2\/pages\/221\/revisions\/1099"}],"wp:featuredmedia":[{"embeddable":true,"href":"https:\/\/birrwiler-maert.ch\/index.php?rest_route=\/wp\/v2\/media\/691"}],"wp:attachment":[{"href":"https:\/\/birrwiler-maert.ch\/index.php?rest_route=%2Fwp%2Fv2%2Fmedia&parent=221"}],"curies":[{"name":"wp","href":"https:\/\/api.w.org\/{rel}","templated":true}]}}