{"id":247,"date":"2018-08-16T23:49:52","date_gmt":"2018-08-16T23:49:52","guid":{"rendered":"http:\/\/birrwiler-maert.ch\/?page_id=247"},"modified":"2023-05-02T21:13:59","modified_gmt":"2023-05-02T21:13:59","slug":"galerie","status":"publish","type":"page","link":"https:\/\/birrwiler-maert.ch\/?page_id=247","title":{"rendered":"Galerie"},"content":{"rendered":"<p>Hier finden Sie die Fotogalerien von den M\u00e4rttagen.<br \/>\nHerzlichen Dank an unseren Fotografen Heinz Furter.<\/p>\n<ul>\n<li><a href=\"https:\/\/birrwiler-maert.ch\/?page_id=1376\">R\u00fcckblick 2018<\/a><\/li>\n<li><a href=\"https:\/\/birrwiler-maert.ch\/?page_id=1524\">R\u00fcckblick 2019<\/a><\/li>\n<li><a href=\"https:\/\/birrwiler-maert.ch\/?page_id=1585\">R\u00fcckblick 2020<\/a><\/li>\n<li><a href=\"https:\/\/birrwiler-maert.ch\/?page_id=1688\">R\u00fcckblick 2021<\/a><\/li>\n<li><a href=\"https:\/\/birrwiler-maert.ch\/?page_id=1750\">R\u00fcckblick 2022<\/a><\/li>\n<li><a href=\"http:\/\/birrwiler-maert.ch\/?page_id=648\">1. Dorfm\u00e4rt vom 28. April 2018<\/a><\/li>\n<li><a href=\"http:\/\/birrwiler-maert.ch\/?p=657\">2. Dorfm\u00e4rt vom 12. Mai 2018<\/a><\/li>\n<li><a href=\"http:\/\/birrwiler-maert.ch\/?p=659\">3. Dorfm\u00e4rt vom 26. Mai 2018<\/a><\/li>\n<li><a href=\"http:\/\/birrwiler-maert.ch\/?p=661\">4. Dorfm\u00e4rt vom 04. Juni 2018<\/a><\/li>\n<li><a href=\"http:\/\/birrwiler-maert.ch\/?p=663\">5. Dorfm\u00e4rt vom 23. Juni 2018<\/a><\/li>\n<li><a href=\"http:\/\/birrwiler-maert.ch\/?p=665\">6. Dorfm\u00e4rt vom 07. Juli 2018<\/a><\/li>\n<li><a href=\"http:\/\/birrwiler-maert.ch\/?page_id=775\">7. Dorfm\u00e4rt vom 25. August 2018<\/a><\/li>\n<li><a href=\"http:\/\/birrwiler-maert.ch\/?page_id=777\">8. Dorfm\u00e4rt vom 08.\u00a0 September 2018<\/a><\/li>\n<li><a href=\"http:\/\/birrwiler-maert.ch\/?p=748\">9. Dorfm\u00e4rt vom 22. September 2018<\/a><\/li>\n<li><a href=\"http:\/\/birrwiler-maert.ch\/?page_id=772\">10. Dorfm\u00e4rt vom 6. Oktober 2018<\/a><\/li>\n<li><a href=\"http:\/\/birrwiler-maert.ch\/?page_id=770\">H\u00e4rd\u00f6pfum\u00e4rt vom 17. November 2018<\/a><\/li>\n<li><a href=\"http:\/\/birrwiler-maert.ch\/?page_id=914\">12. Dorfm\u00e4rt vom 27. April 2019<\/a><\/li>\n<\/ul>\n<p>Einige Eindr\u00fccke von den vergangenen Markttagen finden Sie auch auf der Facebook-Seite:\u00a0<a href=\"https:\/\/www.facebook.com\/maertgruppe.birrwil\/\" target=\"_blank\" rel=\"noopener\">https:\/\/www.facebook.com\/maertgruppe.birrwil\/<\/a><\/p>\n","protected":false},"excerpt":{"rendered":"<p>Hier finden Sie die Fotogalerien von den M\u00e4rttagen. Herzlichen Dank an unseren Fotografen Heinz Furter. R\u00fcckblick 2018 R\u00fcckblick 2019 R\u00fcckblick 2020 R\u00fcckblick 2021 R\u00fcckblick 2022 1. Dorfm\u00e4rt vom 28. April 2018 2. Dorfm\u00e4rt vom 12. Mai 2018 3. Dorfm\u00e4rt vom 26. Mai 2018 4. Dorfm\u00e4rt vom 04. Juni 2018 5. Dorfm\u00e4rt vom 23. Juni 2018 &hellip; <\/p>\n<p class=\"link-more\"><a href=\"https:\/\/birrwiler-maert.ch\/?page_id=247\" class=\"more-link\"><span class=\"screen-reader-text\">\u201eGalerie\u201c<\/span> weiterlesen<\/a><\/p>\n","protected":false},"author":2,"featured_media":0,"parent":0,"menu_order":0,"comment_status":"closed","ping_status":"closed","template":"","meta":{"footnotes":""},"class_list":["post-247","page","type-page","status-publish","hentry"],"_links":{"self":[{"href":"https:\/\/birrwiler-maert.ch\/index.php?rest_route=\/wp\/v2\/pages\/247","targetHints":{"allow":["GET"]}}],"collection":[{"href":"https:\/\/birrwiler-maert.ch\/index.php?rest_route=\/wp\/v2\/pages"}],"about":[{"href":"https:\/\/birrwiler-maert.ch\/index.php?rest_route=\/wp\/v2\/types\/page"}],"author":[{"embeddable":true,"href":"https:\/\/birrwiler-maert.ch\/index.php?rest_route=\/wp\/v2\/users\/2"}],"replies":[{"embeddable":true,"href":"https:\/\/birrwiler-maert.ch\/index.php?rest_route=%2Fwp%2Fv2%2Fcomments&post=247"}],"version-history":[{"count":22,"href":"https:\/\/birrwiler-maert.ch\/index.php?rest_route=\/wp\/v2\/pages\/247\/revisions"}],"predecessor-version":[{"id":1805,"href":"https:\/\/birrwiler-maert.ch\/index.php?rest_route=\/wp\/v2\/pages\/247\/revisions\/1805"}],"wp:attachment":[{"href":"https:\/\/birrwiler-maert.ch\/index.php?rest_route=%2Fwp%2Fv2%2Fmedia&parent=247"}],"curies":[{"name":"wp","href":"https:\/\/api.w.org\/{rel}","templated":true}]}}