{"id":770,"date":"2019-02-25T03:16:56","date_gmt":"2019-02-25T03:16:56","guid":{"rendered":"http:\/\/birrwiler-maert.ch\/?page_id=770"},"modified":"2020-04-19T22:31:03","modified_gmt":"2020-04-19T22:31:03","slug":"fotos-vom-haerdoepfumaert-17-november-2018","status":"publish","type":"page","link":"https:\/\/birrwiler-maert.ch\/?page_id=770","title":{"rendered":"Fotos vom H\u00e4rd\u00f6pfum\u00e4rt 17. November 2018"},"content":{"rendered":"<p>Fotos: M\u00e4rtgruppe \/ Heinz Furter<\/p>\n<p>\u00a0<\/p>\n\n<div class=\"sgdg-gallery-container\">The root directory of the gallery couldn&#039;t be found &#8211; it may have been deleted or renamed.<\/div>","protected":false},"excerpt":{"rendered":"<p>Fotos: M\u00e4rtgruppe \/ Heinz Furter \u00a0<\/p>\n","protected":false},"author":2,"featured_media":0,"parent":0,"menu_order":0,"comment_status":"closed","ping_status":"closed","template":"","meta":{"footnotes":""},"class_list":["post-770","page","type-page","status-publish","hentry"],"_links":{"self":[{"href":"https:\/\/birrwiler-maert.ch\/index.php?rest_route=\/wp\/v2\/pages\/770","targetHints":{"allow":["GET"]}}],"collection":[{"href":"https:\/\/birrwiler-maert.ch\/index.php?rest_route=\/wp\/v2\/pages"}],"about":[{"href":"https:\/\/birrwiler-maert.ch\/index.php?rest_route=\/wp\/v2\/types\/page"}],"author":[{"embeddable":true,"href":"https:\/\/birrwiler-maert.ch\/index.php?rest_route=\/wp\/v2\/users\/2"}],"replies":[{"embeddable":true,"href":"https:\/\/birrwiler-maert.ch\/index.php?rest_route=%2Fwp%2Fv2%2Fcomments&post=770"}],"version-history":[{"count":2,"href":"https:\/\/birrwiler-maert.ch\/index.php?rest_route=\/wp\/v2\/pages\/770\/revisions"}],"predecessor-version":[{"id":991,"href":"https:\/\/birrwiler-maert.ch\/index.php?rest_route=\/wp\/v2\/pages\/770\/revisions\/991"}],"wp:attachment":[{"href":"https:\/\/birrwiler-maert.ch\/index.php?rest_route=%2Fwp%2Fv2%2Fmedia&parent=770"}],"curies":[{"name":"wp","href":"https:\/\/api.w.org\/{rel}","templated":true}]}}